{"id":33064,"date":"2019-11-14T13:53:31","date_gmt":"2019-11-14T11:53:31","guid":{"rendered":"http:\/\/www.feper.ro\/?post_type=product&#038;p=33064"},"modified":"2021-04-22T15:13:10","modified_gmt":"2021-04-22T12:13:10","slug":"zavoare-dirak","status":"publish","type":"product","link":"https:\/\/feper.ro\/en\/produs\/zavoare-dirak\/","title":{"rendered":"Zavoare Dirak Feper"},"content":{"rendered":"<h2>Zavoare Dirak<\/h2>\n<p>&nbsp;<\/p>\n<p><b>Avantaje:<\/b><\/p>\n<ul>\n<li>Poate fi folosit pentru profile din aluminiu;<\/li>\n<li>Datorit\u0103 g\u0103urilor alungite, se pot utiliza \u0219i l\u0103\u021bimi diferite ale profilului;<\/li>\n<li>Tragerea u\u0219oar\u0103 de m\u00e2ner se va decupla;<\/li>\n<li>O ap\u0103sare bl\u00e2nd\u0103 va bloca u\u0219a.<\/li>\n<\/ul>\n<p><b>Compozitie:<\/b><\/p>\n<ul>\n<li>Zamac vopsit negru sau cromat;<\/li>\n<li><a href=\"https:\/\/dirak.com\/en\/products\/latches\/6-150_slam-latch\">Pentru mai multe informatii accesati link-ul<\/a><\/li>\n<\/ul>\n","protected":false},"excerpt":{"rendered":"<p>Zavor Dirak care datorit\u0103 g\u0103urilor alungite, se pot utiliza \u0219i l\u0103\u021bimi diferite ale profilului<\/p>\n","protected":false},"featured_media":33100,"template":"","meta":[],"product_brand":[],"product_cat":[233],"product_tag":[],"class_list":{"0":"post-33064","1":"product","2":"type-product","3":"status-publish","4":"has-post-thumbnail","6":"product_cat-zavoare-dirak","8":"first","9":"instock","10":"featured","11":"shipping-taxable","12":"purchasable","13":"product-type-simple"},"yoast_head":"<!-- This site is optimized with the Yoast SEO plugin v27.4 - https:\/\/yoast.com\/product\/yoast-seo-wordpress\/ -->\n<title>Zavoare Dirak Feper - FEPER<\/title>\n<meta name=\"robots\" content=\"index, follow, max-snippet:-1, max-image-preview:large, max-video-preview:-1\" \/>\n<link rel=\"canonical\" href=\"https:\/\/feper.ro\/en\/produs\/zavoare-dirak\/\" \/>\n<meta property=\"og:locale\" content=\"en_US\" \/>\n<meta property=\"og:type\" content=\"article\" \/>\n<meta property=\"og:title\" content=\"Zavoare Dirak Feper - FEPER\" \/>\n<meta property=\"og:description\" content=\"Zavor Dirak care datorit\u0103 g\u0103urilor alungite, se pot utiliza \u0219i l\u0103\u021bimi diferite ale profilului\" \/>\n<meta property=\"og:url\" content=\"https:\/\/feper.ro\/en\/produs\/zavoare-dirak\/\" \/>\n<meta property=\"og:site_name\" content=\"FEPER\" \/>\n<meta property=\"article:modified_time\" content=\"2021-04-22T12:13:10+00:00\" \/>\n<meta property=\"og:image\" content=\"https:\/\/feper.ro\/wp-content\/uploads\/2019\/11\/cap_4_de_1_ok.jpg\" \/>\n\t<meta property=\"og:image:width\" content=\"800\" \/>\n\t<meta property=\"og:image:height\" content=\"681\" \/>\n\t<meta property=\"og:image:type\" content=\"image\/jpeg\" \/>\n<meta name=\"twitter:card\" content=\"summary_large_image\" \/>\n<script type=\"application\/ld+json\" class=\"yoast-schema-graph\">{\"@context\":\"https:\\\/\\\/schema.org\",\"@graph\":[{\"@type\":\"WebPage\",\"@id\":\"https:\\\/\\\/feper.ro\\\/en\\\/produs\\\/zavoare-dirak\\\/\",\"url\":\"https:\\\/\\\/feper.ro\\\/en\\\/produs\\\/zavoare-dirak\\\/\",\"name\":\"Zavoare Dirak Feper - FEPER\",\"isPartOf\":{\"@id\":\"https:\\\/\\\/feper.ro\\\/en\\\/#website\"},\"primaryImageOfPage\":{\"@id\":\"https:\\\/\\\/feper.ro\\\/en\\\/produs\\\/zavoare-dirak\\\/#primaryimage\"},\"image\":{\"@id\":\"https:\\\/\\\/feper.ro\\\/en\\\/produs\\\/zavoare-dirak\\\/#primaryimage\"},\"thumbnailUrl\":\"https:\\\/\\\/feper.ro\\\/wp-content\\\/uploads\\\/2019\\\/11\\\/cap_4_de_1_ok.jpg\",\"datePublished\":\"2019-11-14T11:53:31+00:00\",\"dateModified\":\"2021-04-22T12:13:10+00:00\",\"breadcrumb\":{\"@id\":\"https:\\\/\\\/feper.ro\\\/en\\\/produs\\\/zavoare-dirak\\\/#breadcrumb\"},\"inLanguage\":\"en-US\",\"potentialAction\":[{\"@type\":\"ReadAction\",\"target\":[\"https:\\\/\\\/feper.ro\\\/en\\\/produs\\\/zavoare-dirak\\\/\"]}]},{\"@type\":\"ImageObject\",\"inLanguage\":\"en-US\",\"@id\":\"https:\\\/\\\/feper.ro\\\/en\\\/produs\\\/zavoare-dirak\\\/#primaryimage\",\"url\":\"https:\\\/\\\/feper.ro\\\/wp-content\\\/uploads\\\/2019\\\/11\\\/cap_4_de_1_ok.jpg\",\"contentUrl\":\"https:\\\/\\\/feper.ro\\\/wp-content\\\/uploads\\\/2019\\\/11\\\/cap_4_de_1_ok.jpg\",\"width\":800,\"height\":681},{\"@type\":\"BreadcrumbList\",\"@id\":\"https:\\\/\\\/feper.ro\\\/en\\\/produs\\\/zavoare-dirak\\\/#breadcrumb\",\"itemListElement\":[{\"@type\":\"ListItem\",\"position\":1,\"name\":\"Home\",\"item\":\"https:\\\/\\\/feper.ro\\\/en\\\/\"},{\"@type\":\"ListItem\",\"position\":2,\"name\":\"Zavoare Dirak Feper\"}]},{\"@type\":\"WebSite\",\"@id\":\"https:\\\/\\\/feper.ro\\\/en\\\/#website\",\"url\":\"https:\\\/\\\/feper.ro\\\/en\\\/\",\"name\":\"FEPER\",\"description\":\"Impreuna in afaceri si in vacanta\",\"potentialAction\":[{\"@type\":\"SearchAction\",\"target\":{\"@type\":\"EntryPoint\",\"urlTemplate\":\"https:\\\/\\\/feper.ro\\\/en\\\/?s={search_term_string}\"},\"query-input\":{\"@type\":\"PropertyValueSpecification\",\"valueRequired\":true,\"valueName\":\"search_term_string\"}}],\"inLanguage\":\"en-US\"}]}<\/script>\n<!-- \/ Yoast SEO plugin. -->","yoast_head_json":{"title":"Zavoare Dirak Feper - FEPER","robots":{"index":"index","follow":"follow","max-snippet":"max-snippet:-1","max-image-preview":"max-image-preview:large","max-video-preview":"max-video-preview:-1"},"canonical":"https:\/\/feper.ro\/en\/produs\/zavoare-dirak\/","og_locale":"en_US","og_type":"article","og_title":"Zavoare Dirak Feper - FEPER","og_description":"Zavor Dirak care datorit\u0103 g\u0103urilor alungite, se pot utiliza \u0219i l\u0103\u021bimi diferite ale profilului","og_url":"https:\/\/feper.ro\/en\/produs\/zavoare-dirak\/","og_site_name":"FEPER","article_modified_time":"2021-04-22T12:13:10+00:00","og_image":[{"width":800,"height":681,"url":"https:\/\/feper.ro\/wp-content\/uploads\/2019\/11\/cap_4_de_1_ok.jpg","type":"image\/jpeg"}],"twitter_card":"summary_large_image","schema":{"@context":"https:\/\/schema.org","@graph":[{"@type":"WebPage","@id":"https:\/\/feper.ro\/en\/produs\/zavoare-dirak\/","url":"https:\/\/feper.ro\/en\/produs\/zavoare-dirak\/","name":"Zavoare Dirak Feper - FEPER","isPartOf":{"@id":"https:\/\/feper.ro\/en\/#website"},"primaryImageOfPage":{"@id":"https:\/\/feper.ro\/en\/produs\/zavoare-dirak\/#primaryimage"},"image":{"@id":"https:\/\/feper.ro\/en\/produs\/zavoare-dirak\/#primaryimage"},"thumbnailUrl":"https:\/\/feper.ro\/wp-content\/uploads\/2019\/11\/cap_4_de_1_ok.jpg","datePublished":"2019-11-14T11:53:31+00:00","dateModified":"2021-04-22T12:13:10+00:00","breadcrumb":{"@id":"https:\/\/feper.ro\/en\/produs\/zavoare-dirak\/#breadcrumb"},"inLanguage":"en-US","potentialAction":[{"@type":"ReadAction","target":["https:\/\/feper.ro\/en\/produs\/zavoare-dirak\/"]}]},{"@type":"ImageObject","inLanguage":"en-US","@id":"https:\/\/feper.ro\/en\/produs\/zavoare-dirak\/#primaryimage","url":"https:\/\/feper.ro\/wp-content\/uploads\/2019\/11\/cap_4_de_1_ok.jpg","contentUrl":"https:\/\/feper.ro\/wp-content\/uploads\/2019\/11\/cap_4_de_1_ok.jpg","width":800,"height":681},{"@type":"BreadcrumbList","@id":"https:\/\/feper.ro\/en\/produs\/zavoare-dirak\/#breadcrumb","itemListElement":[{"@type":"ListItem","position":1,"name":"Home","item":"https:\/\/feper.ro\/en\/"},{"@type":"ListItem","position":2,"name":"Zavoare Dirak Feper"}]},{"@type":"WebSite","@id":"https:\/\/feper.ro\/en\/#website","url":"https:\/\/feper.ro\/en\/","name":"FEPER","description":"Impreuna in afaceri si in vacanta","potentialAction":[{"@type":"SearchAction","target":{"@type":"EntryPoint","urlTemplate":"https:\/\/feper.ro\/en\/?s={search_term_string}"},"query-input":{"@type":"PropertyValueSpecification","valueRequired":true,"valueName":"search_term_string"}}],"inLanguage":"en-US"}]}},"_links":{"self":[{"href":"https:\/\/feper.ro\/en\/wp-json\/wp\/v2\/product\/33064","targetHints":{"allow":["GET"]}}],"collection":[{"href":"https:\/\/feper.ro\/en\/wp-json\/wp\/v2\/product"}],"about":[{"href":"https:\/\/feper.ro\/en\/wp-json\/wp\/v2\/types\/product"}],"wp:featuredmedia":[{"embeddable":true,"href":"https:\/\/feper.ro\/en\/wp-json\/wp\/v2\/media\/33100"}],"wp:attachment":[{"href":"https:\/\/feper.ro\/en\/wp-json\/wp\/v2\/media?parent=33064"}],"wp:term":[{"taxonomy":"product_brand","embeddable":true,"href":"https:\/\/feper.ro\/en\/wp-json\/wp\/v2\/product_brand?post=33064"},{"taxonomy":"product_cat","embeddable":true,"href":"https:\/\/feper.ro\/en\/wp-json\/wp\/v2\/product_cat?post=33064"},{"taxonomy":"product_tag","embeddable":true,"href":"https:\/\/feper.ro\/en\/wp-json\/wp\/v2\/product_tag?post=33064"}],"curies":[{"name":"wp","href":"https:\/\/api.w.org\/{rel}","templated":true}]}}