{"id":33073,"date":"2019-11-14T14:34:17","date_gmt":"2019-11-14T12:34:17","guid":{"rendered":"http:\/\/www.feper.ro\/?post_type=product&#038;p=33073"},"modified":"2021-04-22T14:57:47","modified_gmt":"2021-04-22T11:57:47","slug":"maner-clip-on","status":"publish","type":"product","link":"https:\/\/feper.ro\/en\/produs\/maner-clip-on\/","title":{"rendered":"Maner Clip-on Dirak"},"content":{"rendered":"<h2>Maner Clip-on Dirak<\/h2>\n<p>&nbsp;<\/p>\n<p><b>Avantaje:<\/b><\/p>\n<ul>\n<li>M\u00e2ner elegant cu tehnologia DIRAK-SNAP;<\/li>\n<li>Suprafata placata cu crom mat;<\/li>\n<li>Proiectat pentru utiliz\u0103ri verticale sau orizontale;<\/li>\n<li>Instalarea se realizeaz\u0103 printr-o simpl\u0103 ap\u0103sare pe decupaje adecvate;<\/li>\n<li>Poate fi produs intr-o gama variata de modele.<\/li>\n<\/ul>\n<p><b>Compozitie:<\/b><\/p>\n<ul>\n<li>Maner: zamac cromat mat;<\/li>\n<li><a href=\"https:\/\/dirak.com\/en\/products\/handles\/6-1171dst_dst-bridge-handle\">Pentru mai multe informatii accesati link-ul<\/a><\/li>\n<\/ul>\n","protected":false},"excerpt":{"rendered":"<p>Maner Clip-on Dirak elegant cu tehnologia DIRAK-SNAP. Instalarea se realizeaz\u0103 printr-o simpl\u0103 ap\u0103sare pe decupaje adecvate.<\/p>\n","protected":false},"featured_media":33090,"template":"","meta":[],"product_brand":[],"product_cat":[236],"product_tag":[],"class_list":{"0":"post-33073","1":"product","2":"type-product","3":"status-publish","4":"has-post-thumbnail","6":"product_cat-manere-dirak","8":"first","9":"instock","10":"featured","11":"shipping-taxable","12":"purchasable","13":"product-type-simple"},"yoast_head":"<!-- This site is optimized with the Yoast SEO plugin v27.4 - https:\/\/yoast.com\/product\/yoast-seo-wordpress\/ -->\n<title>Maner Clip-on Dirak - FEPER<\/title>\n<meta name=\"robots\" content=\"index, follow, max-snippet:-1, max-image-preview:large, max-video-preview:-1\" \/>\n<link rel=\"canonical\" href=\"https:\/\/feper.ro\/en\/produs\/maner-clip-on\/\" \/>\n<meta property=\"og:locale\" content=\"en_US\" \/>\n<meta property=\"og:type\" content=\"article\" \/>\n<meta property=\"og:title\" content=\"Maner Clip-on Dirak - FEPER\" \/>\n<meta property=\"og:description\" content=\"Maner Clip-on Dirak elegant cu tehnologia DIRAK-SNAP. Instalarea se realizeaz\u0103 printr-o simpl\u0103 ap\u0103sare pe decupaje adecvate.\" \/>\n<meta property=\"og:url\" content=\"https:\/\/feper.ro\/en\/produs\/maner-clip-on\/\" \/>\n<meta property=\"og:site_name\" content=\"FEPER\" \/>\n<meta property=\"article:modified_time\" content=\"2021-04-22T11:57:47+00:00\" \/>\n<meta property=\"og:image\" content=\"https:\/\/feper.ro\/wp-content\/uploads\/2019\/11\/cap_7_de_1_ok.jpg\" \/>\n\t<meta property=\"og:image:width\" content=\"800\" \/>\n\t<meta property=\"og:image:height\" content=\"681\" \/>\n\t<meta property=\"og:image:type\" content=\"image\/jpeg\" \/>\n<meta name=\"twitter:card\" content=\"summary_large_image\" \/>\n<script type=\"application\/ld+json\" class=\"yoast-schema-graph\">{\"@context\":\"https:\\\/\\\/schema.org\",\"@graph\":[{\"@type\":\"WebPage\",\"@id\":\"https:\\\/\\\/feper.ro\\\/en\\\/produs\\\/maner-clip-on\\\/\",\"url\":\"https:\\\/\\\/feper.ro\\\/en\\\/produs\\\/maner-clip-on\\\/\",\"name\":\"Maner Clip-on Dirak - FEPER\",\"isPartOf\":{\"@id\":\"https:\\\/\\\/feper.ro\\\/en\\\/#website\"},\"primaryImageOfPage\":{\"@id\":\"https:\\\/\\\/feper.ro\\\/en\\\/produs\\\/maner-clip-on\\\/#primaryimage\"},\"image\":{\"@id\":\"https:\\\/\\\/feper.ro\\\/en\\\/produs\\\/maner-clip-on\\\/#primaryimage\"},\"thumbnailUrl\":\"https:\\\/\\\/feper.ro\\\/wp-content\\\/uploads\\\/2019\\\/11\\\/cap_7_de_1_ok.jpg\",\"datePublished\":\"2019-11-14T12:34:17+00:00\",\"dateModified\":\"2021-04-22T11:57:47+00:00\",\"breadcrumb\":{\"@id\":\"https:\\\/\\\/feper.ro\\\/en\\\/produs\\\/maner-clip-on\\\/#breadcrumb\"},\"inLanguage\":\"en-US\",\"potentialAction\":[{\"@type\":\"ReadAction\",\"target\":[\"https:\\\/\\\/feper.ro\\\/en\\\/produs\\\/maner-clip-on\\\/\"]}]},{\"@type\":\"ImageObject\",\"inLanguage\":\"en-US\",\"@id\":\"https:\\\/\\\/feper.ro\\\/en\\\/produs\\\/maner-clip-on\\\/#primaryimage\",\"url\":\"https:\\\/\\\/feper.ro\\\/wp-content\\\/uploads\\\/2019\\\/11\\\/cap_7_de_1_ok.jpg\",\"contentUrl\":\"https:\\\/\\\/feper.ro\\\/wp-content\\\/uploads\\\/2019\\\/11\\\/cap_7_de_1_ok.jpg\",\"width\":800,\"height\":681},{\"@type\":\"BreadcrumbList\",\"@id\":\"https:\\\/\\\/feper.ro\\\/en\\\/produs\\\/maner-clip-on\\\/#breadcrumb\",\"itemListElement\":[{\"@type\":\"ListItem\",\"position\":1,\"name\":\"Home\",\"item\":\"https:\\\/\\\/feper.ro\\\/en\\\/\"},{\"@type\":\"ListItem\",\"position\":2,\"name\":\"Maner Clip-on Dirak\"}]},{\"@type\":\"WebSite\",\"@id\":\"https:\\\/\\\/feper.ro\\\/en\\\/#website\",\"url\":\"https:\\\/\\\/feper.ro\\\/en\\\/\",\"name\":\"FEPER\",\"description\":\"Impreuna in afaceri si in vacanta\",\"potentialAction\":[{\"@type\":\"SearchAction\",\"target\":{\"@type\":\"EntryPoint\",\"urlTemplate\":\"https:\\\/\\\/feper.ro\\\/en\\\/?s={search_term_string}\"},\"query-input\":{\"@type\":\"PropertyValueSpecification\",\"valueRequired\":true,\"valueName\":\"search_term_string\"}}],\"inLanguage\":\"en-US\"}]}<\/script>\n<!-- \/ Yoast SEO plugin. -->","yoast_head_json":{"title":"Maner Clip-on Dirak - FEPER","robots":{"index":"index","follow":"follow","max-snippet":"max-snippet:-1","max-image-preview":"max-image-preview:large","max-video-preview":"max-video-preview:-1"},"canonical":"https:\/\/feper.ro\/en\/produs\/maner-clip-on\/","og_locale":"en_US","og_type":"article","og_title":"Maner Clip-on Dirak - FEPER","og_description":"Maner Clip-on Dirak elegant cu tehnologia DIRAK-SNAP. Instalarea se realizeaz\u0103 printr-o simpl\u0103 ap\u0103sare pe decupaje adecvate.","og_url":"https:\/\/feper.ro\/en\/produs\/maner-clip-on\/","og_site_name":"FEPER","article_modified_time":"2021-04-22T11:57:47+00:00","og_image":[{"width":800,"height":681,"url":"https:\/\/feper.ro\/wp-content\/uploads\/2019\/11\/cap_7_de_1_ok.jpg","type":"image\/jpeg"}],"twitter_card":"summary_large_image","schema":{"@context":"https:\/\/schema.org","@graph":[{"@type":"WebPage","@id":"https:\/\/feper.ro\/en\/produs\/maner-clip-on\/","url":"https:\/\/feper.ro\/en\/produs\/maner-clip-on\/","name":"Maner Clip-on Dirak - FEPER","isPartOf":{"@id":"https:\/\/feper.ro\/en\/#website"},"primaryImageOfPage":{"@id":"https:\/\/feper.ro\/en\/produs\/maner-clip-on\/#primaryimage"},"image":{"@id":"https:\/\/feper.ro\/en\/produs\/maner-clip-on\/#primaryimage"},"thumbnailUrl":"https:\/\/feper.ro\/wp-content\/uploads\/2019\/11\/cap_7_de_1_ok.jpg","datePublished":"2019-11-14T12:34:17+00:00","dateModified":"2021-04-22T11:57:47+00:00","breadcrumb":{"@id":"https:\/\/feper.ro\/en\/produs\/maner-clip-on\/#breadcrumb"},"inLanguage":"en-US","potentialAction":[{"@type":"ReadAction","target":["https:\/\/feper.ro\/en\/produs\/maner-clip-on\/"]}]},{"@type":"ImageObject","inLanguage":"en-US","@id":"https:\/\/feper.ro\/en\/produs\/maner-clip-on\/#primaryimage","url":"https:\/\/feper.ro\/wp-content\/uploads\/2019\/11\/cap_7_de_1_ok.jpg","contentUrl":"https:\/\/feper.ro\/wp-content\/uploads\/2019\/11\/cap_7_de_1_ok.jpg","width":800,"height":681},{"@type":"BreadcrumbList","@id":"https:\/\/feper.ro\/en\/produs\/maner-clip-on\/#breadcrumb","itemListElement":[{"@type":"ListItem","position":1,"name":"Home","item":"https:\/\/feper.ro\/en\/"},{"@type":"ListItem","position":2,"name":"Maner Clip-on Dirak"}]},{"@type":"WebSite","@id":"https:\/\/feper.ro\/en\/#website","url":"https:\/\/feper.ro\/en\/","name":"FEPER","description":"Impreuna in afaceri si in vacanta","potentialAction":[{"@type":"SearchAction","target":{"@type":"EntryPoint","urlTemplate":"https:\/\/feper.ro\/en\/?s={search_term_string}"},"query-input":{"@type":"PropertyValueSpecification","valueRequired":true,"valueName":"search_term_string"}}],"inLanguage":"en-US"}]}},"_links":{"self":[{"href":"https:\/\/feper.ro\/en\/wp-json\/wp\/v2\/product\/33073","targetHints":{"allow":["GET"]}}],"collection":[{"href":"https:\/\/feper.ro\/en\/wp-json\/wp\/v2\/product"}],"about":[{"href":"https:\/\/feper.ro\/en\/wp-json\/wp\/v2\/types\/product"}],"wp:featuredmedia":[{"embeddable":true,"href":"https:\/\/feper.ro\/en\/wp-json\/wp\/v2\/media\/33090"}],"wp:attachment":[{"href":"https:\/\/feper.ro\/en\/wp-json\/wp\/v2\/media?parent=33073"}],"wp:term":[{"taxonomy":"product_brand","embeddable":true,"href":"https:\/\/feper.ro\/en\/wp-json\/wp\/v2\/product_brand?post=33073"},{"taxonomy":"product_cat","embeddable":true,"href":"https:\/\/feper.ro\/en\/wp-json\/wp\/v2\/product_cat?post=33073"},{"taxonomy":"product_tag","embeddable":true,"href":"https:\/\/feper.ro\/en\/wp-json\/wp\/v2\/product_tag?post=33073"}],"curies":[{"name":"wp","href":"https:\/\/api.w.org\/{rel}","templated":true}]}}