{"id":33079,"date":"2019-11-14T14:56:48","date_gmt":"2019-11-14T12:56:48","guid":{"rendered":"http:\/\/www.feper.ro\/?post_type=product&#038;p=33079"},"modified":"2021-04-22T14:51:18","modified_gmt":"2021-04-22T11:51:18","slug":"prindere-cablu-dirak","status":"publish","type":"product","link":"https:\/\/feper.ro\/en\/produs\/prindere-cablu-dirak\/","title":{"rendered":"Prindere cablu Dirak"},"content":{"rendered":"<h2>Prinderi pentru cabluri<\/h2>\n<p>&nbsp;<\/p>\n<p><b>Avantaje:<\/b><\/p>\n<ul>\n<li>Poate fi montat\u0103 pe canale \/ profile;<\/li>\n<li>\u00cembun\u0103t\u0103\u021be\u0219te manipularea cablurilor de alimentare, a re\u021belei \u0219i a fibrei optice \u00een dulap;<\/li>\n<li>Rezistent la cutremur conform GR-63-CORE, Issue 4;<\/li>\n<li>Instalare f\u0103r\u0103 instrumente;<\/li>\n<li>Instalare u\u0219oar\u0103 \u00eentr-o gaur\u0103 p\u0103trat\u0103 adecvat\u0103 prin rotirea 45\u00b0;<\/li>\n<li>Blocarea pieselor din arc \u00een momentul deschiderii atunci c\u00e2nd suportul cablului este umplut;<\/li>\n<\/ul>\n<p><b>Compozitie:<\/b><\/p>\n<ul>\n<li>PA;<\/li>\n<li><a href=\"https:\/\/dirak.com\/en\/products\/cable-management\/6-060_wire-catch\">Pentru mai multe informatii accesati link-ul<\/a><\/li>\n<\/ul>\n","protected":false},"excerpt":{"rendered":"<p>Prinderi pentru cabluri, instalarea este u\u0219oar\u0103 \u00eentr-o gaur\u0103 p\u0103trat\u0103 adecvat\u0103 prin rotirea 45\u00b0<\/p>\n","protected":false},"featured_media":33088,"template":"","meta":[],"product_brand":[],"product_cat":[238],"product_tag":[],"class_list":{"0":"post-33079","1":"product","2":"type-product","3":"status-publish","4":"has-post-thumbnail","6":"product_cat-prinderi-pentru-cabluri-dirak","8":"first","9":"instock","10":"featured","11":"shipping-taxable","12":"purchasable","13":"product-type-simple"},"yoast_head":"<!-- This site is optimized with the Yoast SEO plugin v27.4 - https:\/\/yoast.com\/product\/yoast-seo-wordpress\/ -->\n<title>Prindere cablu Dirak - FEPER<\/title>\n<meta name=\"robots\" content=\"index, follow, max-snippet:-1, max-image-preview:large, max-video-preview:-1\" \/>\n<link rel=\"canonical\" href=\"https:\/\/feper.ro\/en\/produs\/prindere-cablu-dirak\/\" \/>\n<meta property=\"og:locale\" content=\"en_US\" \/>\n<meta property=\"og:type\" content=\"article\" \/>\n<meta property=\"og:title\" content=\"Prindere cablu Dirak - FEPER\" \/>\n<meta property=\"og:description\" content=\"Prinderi pentru cabluri, instalarea este u\u0219oar\u0103 \u00eentr-o gaur\u0103 p\u0103trat\u0103 adecvat\u0103 prin rotirea 45\u00b0\" \/>\n<meta property=\"og:url\" content=\"https:\/\/feper.ro\/en\/produs\/prindere-cablu-dirak\/\" \/>\n<meta property=\"og:site_name\" content=\"FEPER\" \/>\n<meta property=\"article:modified_time\" content=\"2021-04-22T11:51:18+00:00\" \/>\n<meta property=\"og:image\" content=\"https:\/\/feper.ro\/wp-content\/uploads\/2019\/11\/cap_9_de_1_ok.jpg\" \/>\n\t<meta property=\"og:image:width\" content=\"800\" \/>\n\t<meta property=\"og:image:height\" content=\"681\" \/>\n\t<meta property=\"og:image:type\" content=\"image\/jpeg\" \/>\n<meta name=\"twitter:card\" content=\"summary_large_image\" \/>\n<script type=\"application\/ld+json\" class=\"yoast-schema-graph\">{\"@context\":\"https:\\\/\\\/schema.org\",\"@graph\":[{\"@type\":\"WebPage\",\"@id\":\"https:\\\/\\\/feper.ro\\\/en\\\/produs\\\/prindere-cablu-dirak\\\/\",\"url\":\"https:\\\/\\\/feper.ro\\\/en\\\/produs\\\/prindere-cablu-dirak\\\/\",\"name\":\"Prindere cablu Dirak - FEPER\",\"isPartOf\":{\"@id\":\"https:\\\/\\\/feper.ro\\\/en\\\/#website\"},\"primaryImageOfPage\":{\"@id\":\"https:\\\/\\\/feper.ro\\\/en\\\/produs\\\/prindere-cablu-dirak\\\/#primaryimage\"},\"image\":{\"@id\":\"https:\\\/\\\/feper.ro\\\/en\\\/produs\\\/prindere-cablu-dirak\\\/#primaryimage\"},\"thumbnailUrl\":\"https:\\\/\\\/feper.ro\\\/wp-content\\\/uploads\\\/2019\\\/11\\\/cap_9_de_1_ok.jpg\",\"datePublished\":\"2019-11-14T12:56:48+00:00\",\"dateModified\":\"2021-04-22T11:51:18+00:00\",\"breadcrumb\":{\"@id\":\"https:\\\/\\\/feper.ro\\\/en\\\/produs\\\/prindere-cablu-dirak\\\/#breadcrumb\"},\"inLanguage\":\"en-US\",\"potentialAction\":[{\"@type\":\"ReadAction\",\"target\":[\"https:\\\/\\\/feper.ro\\\/en\\\/produs\\\/prindere-cablu-dirak\\\/\"]}]},{\"@type\":\"ImageObject\",\"inLanguage\":\"en-US\",\"@id\":\"https:\\\/\\\/feper.ro\\\/en\\\/produs\\\/prindere-cablu-dirak\\\/#primaryimage\",\"url\":\"https:\\\/\\\/feper.ro\\\/wp-content\\\/uploads\\\/2019\\\/11\\\/cap_9_de_1_ok.jpg\",\"contentUrl\":\"https:\\\/\\\/feper.ro\\\/wp-content\\\/uploads\\\/2019\\\/11\\\/cap_9_de_1_ok.jpg\",\"width\":800,\"height\":681},{\"@type\":\"BreadcrumbList\",\"@id\":\"https:\\\/\\\/feper.ro\\\/en\\\/produs\\\/prindere-cablu-dirak\\\/#breadcrumb\",\"itemListElement\":[{\"@type\":\"ListItem\",\"position\":1,\"name\":\"Home\",\"item\":\"https:\\\/\\\/feper.ro\\\/en\\\/\"},{\"@type\":\"ListItem\",\"position\":2,\"name\":\"Prindere cablu Dirak\"}]},{\"@type\":\"WebSite\",\"@id\":\"https:\\\/\\\/feper.ro\\\/en\\\/#website\",\"url\":\"https:\\\/\\\/feper.ro\\\/en\\\/\",\"name\":\"FEPER\",\"description\":\"Impreuna in afaceri si in vacanta\",\"potentialAction\":[{\"@type\":\"SearchAction\",\"target\":{\"@type\":\"EntryPoint\",\"urlTemplate\":\"https:\\\/\\\/feper.ro\\\/en\\\/?s={search_term_string}\"},\"query-input\":{\"@type\":\"PropertyValueSpecification\",\"valueRequired\":true,\"valueName\":\"search_term_string\"}}],\"inLanguage\":\"en-US\"}]}<\/script>\n<!-- \/ Yoast SEO plugin. -->","yoast_head_json":{"title":"Prindere cablu Dirak - FEPER","robots":{"index":"index","follow":"follow","max-snippet":"max-snippet:-1","max-image-preview":"max-image-preview:large","max-video-preview":"max-video-preview:-1"},"canonical":"https:\/\/feper.ro\/en\/produs\/prindere-cablu-dirak\/","og_locale":"en_US","og_type":"article","og_title":"Prindere cablu Dirak - FEPER","og_description":"Prinderi pentru cabluri, instalarea este u\u0219oar\u0103 \u00eentr-o gaur\u0103 p\u0103trat\u0103 adecvat\u0103 prin rotirea 45\u00b0","og_url":"https:\/\/feper.ro\/en\/produs\/prindere-cablu-dirak\/","og_site_name":"FEPER","article_modified_time":"2021-04-22T11:51:18+00:00","og_image":[{"width":800,"height":681,"url":"https:\/\/feper.ro\/wp-content\/uploads\/2019\/11\/cap_9_de_1_ok.jpg","type":"image\/jpeg"}],"twitter_card":"summary_large_image","schema":{"@context":"https:\/\/schema.org","@graph":[{"@type":"WebPage","@id":"https:\/\/feper.ro\/en\/produs\/prindere-cablu-dirak\/","url":"https:\/\/feper.ro\/en\/produs\/prindere-cablu-dirak\/","name":"Prindere cablu Dirak - FEPER","isPartOf":{"@id":"https:\/\/feper.ro\/en\/#website"},"primaryImageOfPage":{"@id":"https:\/\/feper.ro\/en\/produs\/prindere-cablu-dirak\/#primaryimage"},"image":{"@id":"https:\/\/feper.ro\/en\/produs\/prindere-cablu-dirak\/#primaryimage"},"thumbnailUrl":"https:\/\/feper.ro\/wp-content\/uploads\/2019\/11\/cap_9_de_1_ok.jpg","datePublished":"2019-11-14T12:56:48+00:00","dateModified":"2021-04-22T11:51:18+00:00","breadcrumb":{"@id":"https:\/\/feper.ro\/en\/produs\/prindere-cablu-dirak\/#breadcrumb"},"inLanguage":"en-US","potentialAction":[{"@type":"ReadAction","target":["https:\/\/feper.ro\/en\/produs\/prindere-cablu-dirak\/"]}]},{"@type":"ImageObject","inLanguage":"en-US","@id":"https:\/\/feper.ro\/en\/produs\/prindere-cablu-dirak\/#primaryimage","url":"https:\/\/feper.ro\/wp-content\/uploads\/2019\/11\/cap_9_de_1_ok.jpg","contentUrl":"https:\/\/feper.ro\/wp-content\/uploads\/2019\/11\/cap_9_de_1_ok.jpg","width":800,"height":681},{"@type":"BreadcrumbList","@id":"https:\/\/feper.ro\/en\/produs\/prindere-cablu-dirak\/#breadcrumb","itemListElement":[{"@type":"ListItem","position":1,"name":"Home","item":"https:\/\/feper.ro\/en\/"},{"@type":"ListItem","position":2,"name":"Prindere cablu Dirak"}]},{"@type":"WebSite","@id":"https:\/\/feper.ro\/en\/#website","url":"https:\/\/feper.ro\/en\/","name":"FEPER","description":"Impreuna in afaceri si in vacanta","potentialAction":[{"@type":"SearchAction","target":{"@type":"EntryPoint","urlTemplate":"https:\/\/feper.ro\/en\/?s={search_term_string}"},"query-input":{"@type":"PropertyValueSpecification","valueRequired":true,"valueName":"search_term_string"}}],"inLanguage":"en-US"}]}},"_links":{"self":[{"href":"https:\/\/feper.ro\/en\/wp-json\/wp\/v2\/product\/33079","targetHints":{"allow":["GET"]}}],"collection":[{"href":"https:\/\/feper.ro\/en\/wp-json\/wp\/v2\/product"}],"about":[{"href":"https:\/\/feper.ro\/en\/wp-json\/wp\/v2\/types\/product"}],"wp:featuredmedia":[{"embeddable":true,"href":"https:\/\/feper.ro\/en\/wp-json\/wp\/v2\/media\/33088"}],"wp:attachment":[{"href":"https:\/\/feper.ro\/en\/wp-json\/wp\/v2\/media?parent=33079"}],"wp:term":[{"taxonomy":"product_brand","embeddable":true,"href":"https:\/\/feper.ro\/en\/wp-json\/wp\/v2\/product_brand?post=33079"},{"taxonomy":"product_cat","embeddable":true,"href":"https:\/\/feper.ro\/en\/wp-json\/wp\/v2\/product_cat?post=33079"},{"taxonomy":"product_tag","embeddable":true,"href":"https:\/\/feper.ro\/en\/wp-json\/wp\/v2\/product_tag?post=33079"}],"curies":[{"name":"wp","href":"https:\/\/api.w.org\/{rel}","templated":true}]}}